{"id":170,"date":"2016-06-20T07:59:21","date_gmt":"2016-06-20T07:59:21","guid":{"rendered":"http:\/\/www.olgafaix.com\/?page_id=170"},"modified":"2016-11-20T19:17:59","modified_gmt":"2016-11-20T19:17:59","slug":"abstract","status":"publish","type":"page","link":"https:\/\/www.olgafaix.com\/de\/portfolio\/abstract\/","title":{"rendered":"ABSTRAKT"},"content":{"rendered":"<p class=\"qtranxs-available-languages-message qtranxs-available-languages-message-de\">Leider ist der Eintrag nur auf <a href=\"https:\/\/www.olgafaix.com\/en\/wp-json\/wp\/v2\/pages\/170\" class=\"qtranxs-available-language-link qtranxs-available-language-link-en\" title=\"English\">Amerikanisches Englisch<\/a> verf\u00fcgbar. Der Inhalt wird unten in einer verf\u00fcgbaren Sprache angezeigt. Klicken Sie auf den Link, um die aktuelle Sprache zu \u00e4ndern.<\/p><p>\n\t\t<style type=\"text\/css\">\n\t\t\t#gallery-1 {\n\t\t\t\tmargin: auto;\n\t\t\t}\n\t\t\t#gallery-1 .gallery-item {\n\t\t\t\tfloat: left;\n\t\t\t\tmargin-top: 10px;\n\t\t\t\ttext-align: center;\n\t\t\t\twidth: 33%;\n\t\t\t}\n\t\t\t#gallery-1 img {\n\t\t\t\tborder: 2px solid #cfcfcf;\n\t\t\t}\n\t\t\t#gallery-1 .gallery-caption {\n\t\t\t\tmargin-left: 0;\n\t\t\t}\n\t\t\t\/* see gallery_shortcode() in wp-includes\/media.php *\/\n\t\t<\/style>\n\t\t<div id='gallery-1' class='gallery galleryid-170 gallery-columns-3 gallery-size-thumbnail'><dl class='gallery-item'>\n\t\t\t<dt class='gallery-icon landscape'>\n\t\t\t\t<a href='https:\/\/www.olgafaix.com\/de\/portfolio\/abstract\/dsc00945\/'><img width=\"150\" height=\"150\" src=\"https:\/\/www.olgafaix.com\/wp-content\/uploads\/2016\/06\/DSC00945-150x150.jpg\" class=\"attachment-thumbnail size-thumbnail\" alt=\"\" loading=\"lazy\" srcset=\"https:\/\/www.olgafaix.com\/wp-content\/uploads\/2016\/06\/DSC00945-150x150.jpg 150w, https:\/\/www.olgafaix.com\/wp-content\/uploads\/2016\/06\/DSC00945-490x490.jpg 490w\" sizes=\"(max-width: 150px) 100vw, 150px\" \/><\/a>\n\t\t\t<\/dt><\/dl><dl class='gallery-item'>\n\t\t\t<dt class='gallery-icon landscape'>\n\t\t\t\t<a href='https:\/\/www.olgafaix.com\/de\/portfolio\/abstract\/dsc00964\/'><img width=\"150\" height=\"150\" src=\"https:\/\/www.olgafaix.com\/wp-content\/uploads\/2016\/06\/DSC00964-150x150.jpg\" class=\"attachment-thumbnail size-thumbnail\" alt=\"\" loading=\"lazy\" srcset=\"https:\/\/www.olgafaix.com\/wp-content\/uploads\/2016\/06\/DSC00964-150x150.jpg 150w, https:\/\/www.olgafaix.com\/wp-content\/uploads\/2016\/06\/DSC00964-490x490.jpg 490w\" sizes=\"(max-width: 150px) 100vw, 150px\" \/><\/a>\n\t\t\t<\/dt><\/dl><dl class='gallery-item'>\n\t\t\t<dt class='gallery-icon landscape'>\n\t\t\t\t<a href='https:\/\/www.olgafaix.com\/de\/portfolio\/abstract\/dsc02972\/'><img width=\"150\" height=\"150\" src=\"https:\/\/www.olgafaix.com\/wp-content\/uploads\/2016\/06\/DSC02972-150x150.jpg\" class=\"attachment-thumbnail size-thumbnail\" alt=\"\" loading=\"lazy\" srcset=\"https:\/\/www.olgafaix.com\/wp-content\/uploads\/2016\/06\/DSC02972-150x150.jpg 150w, https:\/\/www.olgafaix.com\/wp-content\/uploads\/2016\/06\/DSC02972-490x490.jpg 490w\" sizes=\"(max-width: 150px) 100vw, 150px\" \/><\/a>\n\t\t\t<\/dt><\/dl><br style=\"clear: both\" \/><dl class='gallery-item'>\n\t\t\t<dt class='gallery-icon landscape'>\n\t\t\t\t<a href='https:\/\/www.olgafaix.com\/de\/portfolio\/abstract\/dsc03149\/'><img width=\"150\" height=\"150\" src=\"https:\/\/www.olgafaix.com\/wp-content\/uploads\/2016\/06\/DSC03149-150x150.jpg\" class=\"attachment-thumbnail size-thumbnail\" alt=\"\" loading=\"lazy\" srcset=\"https:\/\/www.olgafaix.com\/wp-content\/uploads\/2016\/06\/DSC03149-150x150.jpg 150w, https:\/\/www.olgafaix.com\/wp-content\/uploads\/2016\/06\/DSC03149-490x490.jpg 490w\" sizes=\"(max-width: 150px) 100vw, 150px\" \/><\/a>\n\t\t\t<\/dt><\/dl><dl class='gallery-item'>\n\t\t\t<dt class='gallery-icon landscape'>\n\t\t\t\t<a href='https:\/\/www.olgafaix.com\/de\/portfolio\/abstract\/dsc07681\/'><img width=\"150\" height=\"150\" src=\"https:\/\/www.olgafaix.com\/wp-content\/uploads\/2016\/06\/DSC07681-150x150.jpg\" class=\"attachment-thumbnail size-thumbnail\" alt=\"\" loading=\"lazy\" srcset=\"https:\/\/www.olgafaix.com\/wp-content\/uploads\/2016\/06\/DSC07681-150x150.jpg 150w, https:\/\/www.olgafaix.com\/wp-content\/uploads\/2016\/06\/DSC07681-490x490.jpg 490w\" sizes=\"(max-width: 150px) 100vw, 150px\" \/><\/a>\n\t\t\t<\/dt><\/dl><dl class='gallery-item'>\n\t\t\t<dt class='gallery-icon landscape'>\n\t\t\t\t<a href='https:\/\/www.olgafaix.com\/de\/portfolio\/abstract\/dsc07700\/'><img width=\"150\" height=\"150\" src=\"https:\/\/www.olgafaix.com\/wp-content\/uploads\/2016\/06\/DSC07700-150x150.jpg\" class=\"attachment-thumbnail size-thumbnail\" alt=\"\" loading=\"lazy\" srcset=\"https:\/\/www.olgafaix.com\/wp-content\/uploads\/2016\/06\/DSC07700-150x150.jpg 150w, https:\/\/www.olgafaix.com\/wp-content\/uploads\/2016\/06\/DSC07700-490x490.jpg 490w\" sizes=\"(max-width: 150px) 100vw, 150px\" \/><\/a>\n\t\t\t<\/dt><\/dl><br style=\"clear: both\" \/><dl class='gallery-item'>\n\t\t\t<dt class='gallery-icon landscape'>\n\t\t\t\t<a href='https:\/\/www.olgafaix.com\/de\/portfolio\/abstract\/dsc07705\/'><img width=\"150\" height=\"150\" src=\"https:\/\/www.olgafaix.com\/wp-content\/uploads\/2016\/06\/DSC07705-150x150.jpg\" class=\"attachment-thumbnail size-thumbnail\" alt=\"\" loading=\"lazy\" srcset=\"https:\/\/www.olgafaix.com\/wp-content\/uploads\/2016\/06\/DSC07705-150x150.jpg 150w, https:\/\/www.olgafaix.com\/wp-content\/uploads\/2016\/06\/DSC07705-490x490.jpg 490w\" sizes=\"(max-width: 150px) 100vw, 150px\" \/><\/a>\n\t\t\t<\/dt><\/dl><dl class='gallery-item'>\n\t\t\t<dt class='gallery-icon landscape'>\n\t\t\t\t<a href='https:\/\/www.olgafaix.com\/de\/portfolio\/abstract\/dsc07710\/'><img width=\"150\" height=\"150\" src=\"https:\/\/www.olgafaix.com\/wp-content\/uploads\/2016\/06\/DSC07710-150x150.jpg\" class=\"attachment-thumbnail size-thumbnail\" alt=\"\" loading=\"lazy\" srcset=\"https:\/\/www.olgafaix.com\/wp-content\/uploads\/2016\/06\/DSC07710-150x150.jpg 150w, https:\/\/www.olgafaix.com\/wp-content\/uploads\/2016\/06\/DSC07710-490x490.jpg 490w\" sizes=\"(max-width: 150px) 100vw, 150px\" \/><\/a>\n\t\t\t<\/dt><\/dl><dl class='gallery-item'>\n\t\t\t<dt class='gallery-icon landscape'>\n\t\t\t\t<a href='https:\/\/www.olgafaix.com\/de\/portfolio\/abstract\/dsc07711\/'><img width=\"150\" height=\"150\" src=\"https:\/\/www.olgafaix.com\/wp-content\/uploads\/2016\/06\/DSC07711-150x150.jpg\" class=\"attachment-thumbnail size-thumbnail\" alt=\"\" loading=\"lazy\" srcset=\"https:\/\/www.olgafaix.com\/wp-content\/uploads\/2016\/06\/DSC07711-150x150.jpg 150w, https:\/\/www.olgafaix.com\/wp-content\/uploads\/2016\/06\/DSC07711-490x490.jpg 490w\" sizes=\"(max-width: 150px) 100vw, 150px\" \/><\/a>\n\t\t\t<\/dt><\/dl><br style=\"clear: both\" \/>\n\t\t<\/div>\n<\/p>","protected":false},"excerpt":{"rendered":"","protected":false},"author":1,"featured_media":0,"parent":2,"menu_order":0,"comment_status":"closed","ping_status":"closed","template":"","meta":[],"_links":{"self":[{"href":"https:\/\/www.olgafaix.com\/de\/wp-json\/wp\/v2\/pages\/170"}],"collection":[{"href":"https:\/\/www.olgafaix.com\/de\/wp-json\/wp\/v2\/pages"}],"about":[{"href":"https:\/\/www.olgafaix.com\/de\/wp-json\/wp\/v2\/types\/page"}],"author":[{"embeddable":true,"href":"https:\/\/www.olgafaix.com\/de\/wp-json\/wp\/v2\/users\/1"}],"replies":[{"embeddable":true,"href":"https:\/\/www.olgafaix.com\/de\/wp-json\/wp\/v2\/comments?post=170"}],"version-history":[{"count":10,"href":"https:\/\/www.olgafaix.com\/de\/wp-json\/wp\/v2\/pages\/170\/revisions"}],"predecessor-version":[{"id":981,"href":"https:\/\/www.olgafaix.com\/de\/wp-json\/wp\/v2\/pages\/170\/revisions\/981"}],"up":[{"embeddable":true,"href":"https:\/\/www.olgafaix.com\/de\/wp-json\/wp\/v2\/pages\/2"}],"wp:attachment":[{"href":"https:\/\/www.olgafaix.com\/de\/wp-json\/wp\/v2\/media?parent=170"}],"curies":[{"name":"wp","href":"https:\/\/api.w.org\/{rel}","templated":true}]}}