{"id":61,"date":"2016-06-13T06:37:55","date_gmt":"2016-06-13T06:37:55","guid":{"rendered":"http:\/\/www.olgafaix.com\/?page_id=61"},"modified":"2016-08-07T17:53:29","modified_gmt":"2016-08-07T17:53:29","slug":"about-me","status":"publish","type":"page","link":"https:\/\/www.olgafaix.com\/de\/about-me\/","title":{"rendered":"\u00dcber mich"},"content":{"rendered":"<p><\/p>\n<div class=\"row about-me\">\n<div class=\"col-sm-4\"><img loading=\"lazy\" class=\"img-responsive alignnone wp-image-490 size-large\" style=\"margin-top: 5px;\" src=\"http:\/\/www.olgafaix.com\/wp-content\/uploads\/2016\/06\/DSC03786-640x640.jpg\" alt=\"DSC03786\" width=\"640\" height=\"640\" srcset=\"https:\/\/www.olgafaix.com\/wp-content\/uploads\/2016\/06\/DSC03786-640x640.jpg 640w, https:\/\/www.olgafaix.com\/wp-content\/uploads\/2016\/06\/DSC03786-150x150.jpg 150w, https:\/\/www.olgafaix.com\/wp-content\/uploads\/2016\/06\/DSC03786-300x300.jpg 300w, https:\/\/www.olgafaix.com\/wp-content\/uploads\/2016\/06\/DSC03786-490x490.jpg 490w\" sizes=\"(max-width: 640px) 100vw, 640px\" \/><\/div>\n<div class=\"col-sm-8 text-justify\">\n<p>Willkommen auf meiner Webseite!<\/p>\n<p>Zun\u00e4chst einmal m\u00f6chte Ich Ihnen danken dass Sie meine Foto-Galerie besuchen. Ich hoffe, dass Ihnen meine Bilder gefallen haben.<\/p>\n<p>Ich bin ein Reisefotograf im Herzen Europas,\u00a0 in der sch\u00f6nen Schweiz. Reisen ist meine Leidenschaft ebenso Fotografie. W\u00e4hrend meiner Reisen mache ich Fotos um die fantastischen Momente einzufangen und sie mit meiner Familie und Freunden zu teilen. Nun m\u00f6chte Ich Sie einladen mit zu reisen und die Welt mit mir durch meine Fotos zu erkunden.<\/p>\n<p>Fotos sind wie Gem\u00e4lde &#8211; sie zeigen die Welt aus der Sicht des Fotografen. Einige von Ihnen sind Dokumentativ und k\u00f6nnen f\u00fcr kommende Generationen wertvoll sein, andere erzeugen neue Ideen und Assoziationen oder bringen einfach nur eine positive Stimmung. Fotografie kann die Wunder um Sie herum enth\u00fcllen, die Stimmung des Fotografen spiegeln und die Atmosph\u00e4re des Ortes einfangen.<\/p>\n<p>Bis jetzt habe ich mich in Reisefotografie versucht, was St\u00e4dte mit ihrer Architektur und Natur umfasst. Die Welt bleibt nicht gleichen am gleichen Ort &#8211; darum bin ich f\u00fcr neue interessante Projekte immer offen, in denen ich meine Inspiration realisieren und meine Sicht der Welt zum Ausdruck bringen kann.<\/p>\n<p><span>Ich freue mich, wenn einige meiner Werke ihr Herz oder Seele ber\u00fchrt haben.<\/span><\/p>\n<p><span>Ich f\u00fchle mich geehrt meine Bilder im Rahmen von Lizenz oder Kaufvertr\u00e4gen f\u00fcr Ihre Projekte zu Verf\u00fcgung zu stellen &#8211; f\u00fchlen Sie sich frei, mit mir in Englisch, Deutsch oder Russisch bei Fragen oder Kommentaren Kontakt auf zu nehmen.<\/span><\/p>\n<p>Ich freue mich auf neue Freunde und Gesch\u00e4ftspartner!<\/p>\n<p>Mit freundlichen Gr\u00fc\u00dfen,<br \/>\nOlga Faix<\/p>\n<\/div>\n<\/div>\n<p><\/p>","protected":false},"excerpt":{"rendered":"<p>Willkommen auf meiner Webseite! Zun\u00e4chst einmal m\u00f6chte Ich Ihnen danken dass Sie meine Foto-Galerie besuchen. Ich hoffe, dass Ihnen meine Bilder gefallen haben. Ich bin ein Reisefotograf im Herzen Europas,\u00a0 in der sch\u00f6nen Schweiz. Reisen ist meine Leidenschaft ebenso Fotografie. W\u00e4hrend meiner Reisen mache ich Fotos um die fantastischen Momente einzufangen und sie mit meiner [&hellip;]<\/p>\n","protected":false},"author":1,"featured_media":0,"parent":0,"menu_order":0,"comment_status":"closed","ping_status":"closed","template":"","meta":[],"_links":{"self":[{"href":"https:\/\/www.olgafaix.com\/de\/wp-json\/wp\/v2\/pages\/61"}],"collection":[{"href":"https:\/\/www.olgafaix.com\/de\/wp-json\/wp\/v2\/pages"}],"about":[{"href":"https:\/\/www.olgafaix.com\/de\/wp-json\/wp\/v2\/types\/page"}],"author":[{"embeddable":true,"href":"https:\/\/www.olgafaix.com\/de\/wp-json\/wp\/v2\/users\/1"}],"replies":[{"embeddable":true,"href":"https:\/\/www.olgafaix.com\/de\/wp-json\/wp\/v2\/comments?post=61"}],"version-history":[{"count":20,"href":"https:\/\/www.olgafaix.com\/de\/wp-json\/wp\/v2\/pages\/61\/revisions"}],"predecessor-version":[{"id":670,"href":"https:\/\/www.olgafaix.com\/de\/wp-json\/wp\/v2\/pages\/61\/revisions\/670"}],"wp:attachment":[{"href":"https:\/\/www.olgafaix.com\/de\/wp-json\/wp\/v2\/media?parent=61"}],"curies":[{"name":"wp","href":"https:\/\/api.w.org\/{rel}","templated":true}]}}